{"id":882,"date":"2023-04-25T08:02:27","date_gmt":"2023-04-25T07:02:27","guid":{"rendered":"https:\/\/alrosolar.com\/plan-du-site\/"},"modified":"2025-03-05T11:09:28","modified_gmt":"2025-03-05T10:09:28","slug":"plan-du-site","status":"publish","type":"page","link":"https:\/\/alrosolar.com\/fr\/plan-du-site\/","title":{"rendered":"Plan du site"},"content":{"rendered":"\n<div  class=\"content mt-xl mb-md\">\n\n\t\n\t\t\t<div class=\"container\">\n\t\t\t\n\t\t\n\t\t\t\n\n<h1 class=\"wp-block-heading\">Plan du site<\/h1>\n\n\t\t\t\n\t\t\n\t\t\t<\/div>\n\t<\/div>\n","protected":false},"excerpt":{"rendered":"","protected":false},"author":1,"featured_media":0,"parent":0,"menu_order":0,"comment_status":"closed","ping_status":"closed","template":"templates\/template-sitemap.php","meta":{"inline_featured_image":false,"footnotes":""},"class_list":["post-882","page","type-page","status-publish","hentry"],"acf":[],"yoast_head":"<!-- This site is optimized with the Yoast SEO plugin v24.5 - https:\/\/yoast.com\/wordpress\/plugins\/seo\/ -->\n<title>Plan du site - Alrosolar<\/title>\n<meta name=\"robots\" content=\"index, follow, max-snippet:-1, max-image-preview:large, max-video-preview:-1\" \/>\n<link rel=\"canonical\" href=\"https:\/\/alrosolar.com\/fr\/plan-du-site\/\" \/>\n<meta property=\"og:locale\" content=\"fr_FR\" \/>\n<meta property=\"og:type\" content=\"article\" \/>\n<meta property=\"og:title\" content=\"Plan du site - Alrosolar\" \/>\n<meta property=\"og:url\" content=\"https:\/\/alrosolar.com\/fr\/plan-du-site\/\" \/>\n<meta property=\"og:site_name\" content=\"Alrosolar\" \/>\n<meta property=\"article:modified_time\" content=\"2025-03-05T10:09:28+00:00\" \/>\n<meta property=\"og:image\" content=\"https:\/\/alrosolar.com\/wp-content\/uploads\/2023\/04\/granjapuentealto.jpg\" \/>\n\t<meta property=\"og:image:width\" content=\"640\" \/>\n\t<meta property=\"og:image:height\" content=\"640\" \/>\n\t<meta property=\"og:image:type\" content=\"image\/jpeg\" \/>\n<meta name=\"twitter:card\" content=\"summary_large_image\" \/>\n<script type=\"application\/ld+json\" class=\"yoast-schema-graph\">{\"@context\":\"https:\/\/schema.org\",\"@graph\":[{\"@type\":\"WebPage\",\"@id\":\"https:\/\/alrosolar.com\/fr\/plan-du-site\/\",\"url\":\"https:\/\/alrosolar.com\/fr\/plan-du-site\/\",\"name\":\"Plan du site - Alrosolar\",\"isPartOf\":{\"@id\":\"https:\/\/alrosolar.com\/fr\/#website\"},\"datePublished\":\"2023-04-25T07:02:27+00:00\",\"dateModified\":\"2025-03-05T10:09:28+00:00\",\"breadcrumb\":{\"@id\":\"https:\/\/alrosolar.com\/fr\/plan-du-site\/#breadcrumb\"},\"inLanguage\":\"fr-FR\",\"potentialAction\":[{\"@type\":\"ReadAction\",\"target\":[\"https:\/\/alrosolar.com\/fr\/plan-du-site\/\"]}]},{\"@type\":\"BreadcrumbList\",\"@id\":\"https:\/\/alrosolar.com\/fr\/plan-du-site\/#breadcrumb\",\"itemListElement\":[{\"@type\":\"ListItem\",\"position\":1,\"name\":\"Portada\",\"item\":\"https:\/\/alrosolar.com\/fr\/\"},{\"@type\":\"ListItem\",\"position\":2,\"name\":\"Plan du site\"}]},{\"@type\":\"WebSite\",\"@id\":\"https:\/\/alrosolar.com\/fr\/#website\",\"url\":\"https:\/\/alrosolar.com\/fr\/\",\"name\":\"Alrosolar\",\"description\":\"dise\u00f1o, instalaci\u00f3n y mantenimiento de sistemas de energ\u00eda renovable\",\"publisher\":{\"@id\":\"https:\/\/alrosolar.com\/fr\/#organization\"},\"alternateName\":\"Alrosolar Energ\u00eda Renovable\",\"potentialAction\":[{\"@type\":\"SearchAction\",\"target\":{\"@type\":\"EntryPoint\",\"urlTemplate\":\"https:\/\/alrosolar.com\/fr\/?s={search_term_string}\"},\"query-input\":{\"@type\":\"PropertyValueSpecification\",\"valueRequired\":true,\"valueName\":\"search_term_string\"}}],\"inLanguage\":\"fr-FR\"},{\"@type\":\"Organization\",\"@id\":\"https:\/\/alrosolar.com\/fr\/#organization\",\"name\":\"AlroSolar S.L.\",\"alternateName\":\"AlroSolar Energ\u00eda\",\"url\":\"https:\/\/alrosolar.com\/fr\/\",\"logo\":{\"@type\":\"ImageObject\",\"inLanguage\":\"fr-FR\",\"@id\":\"https:\/\/alrosolar.com\/fr\/#\/schema\/logo\/image\/\",\"url\":\"https:\/\/alrosolar.com\/wp-content\/uploads\/2023\/11\/Captura-de-pantalla-2023-11-13-a-las-11.09.56.png\",\"contentUrl\":\"https:\/\/alrosolar.com\/wp-content\/uploads\/2023\/11\/Captura-de-pantalla-2023-11-13-a-las-11.09.56.png\",\"width\":454,\"height\":122,\"caption\":\"AlroSolar S.L.\"},\"image\":{\"@id\":\"https:\/\/alrosolar.com\/fr\/#\/schema\/logo\/image\/\"}}]}<\/script>\n<!-- \/ Yoast SEO plugin. -->","yoast_head_json":{"title":"Plan du site - Alrosolar","robots":{"index":"index","follow":"follow","max-snippet":"max-snippet:-1","max-image-preview":"max-image-preview:large","max-video-preview":"max-video-preview:-1"},"canonical":"https:\/\/alrosolar.com\/fr\/plan-du-site\/","og_locale":"fr_FR","og_type":"article","og_title":"Plan du site - Alrosolar","og_url":"https:\/\/alrosolar.com\/fr\/plan-du-site\/","og_site_name":"Alrosolar","article_modified_time":"2025-03-05T10:09:28+00:00","og_image":[{"width":640,"height":640,"url":"https:\/\/alrosolar.com\/wp-content\/uploads\/2023\/04\/granjapuentealto.jpg","type":"image\/jpeg"}],"twitter_card":"summary_large_image","schema":{"@context":"https:\/\/schema.org","@graph":[{"@type":"WebPage","@id":"https:\/\/alrosolar.com\/fr\/plan-du-site\/","url":"https:\/\/alrosolar.com\/fr\/plan-du-site\/","name":"Plan du site - Alrosolar","isPartOf":{"@id":"https:\/\/alrosolar.com\/fr\/#website"},"datePublished":"2023-04-25T07:02:27+00:00","dateModified":"2025-03-05T10:09:28+00:00","breadcrumb":{"@id":"https:\/\/alrosolar.com\/fr\/plan-du-site\/#breadcrumb"},"inLanguage":"fr-FR","potentialAction":[{"@type":"ReadAction","target":["https:\/\/alrosolar.com\/fr\/plan-du-site\/"]}]},{"@type":"BreadcrumbList","@id":"https:\/\/alrosolar.com\/fr\/plan-du-site\/#breadcrumb","itemListElement":[{"@type":"ListItem","position":1,"name":"Portada","item":"https:\/\/alrosolar.com\/fr\/"},{"@type":"ListItem","position":2,"name":"Plan du site"}]},{"@type":"WebSite","@id":"https:\/\/alrosolar.com\/fr\/#website","url":"https:\/\/alrosolar.com\/fr\/","name":"Alrosolar","description":"dise\u00f1o, instalaci\u00f3n y mantenimiento de sistemas de energ\u00eda renovable","publisher":{"@id":"https:\/\/alrosolar.com\/fr\/#organization"},"alternateName":"Alrosolar Energ\u00eda Renovable","potentialAction":[{"@type":"SearchAction","target":{"@type":"EntryPoint","urlTemplate":"https:\/\/alrosolar.com\/fr\/?s={search_term_string}"},"query-input":{"@type":"PropertyValueSpecification","valueRequired":true,"valueName":"search_term_string"}}],"inLanguage":"fr-FR"},{"@type":"Organization","@id":"https:\/\/alrosolar.com\/fr\/#organization","name":"AlroSolar S.L.","alternateName":"AlroSolar Energ\u00eda","url":"https:\/\/alrosolar.com\/fr\/","logo":{"@type":"ImageObject","inLanguage":"fr-FR","@id":"https:\/\/alrosolar.com\/fr\/#\/schema\/logo\/image\/","url":"https:\/\/alrosolar.com\/wp-content\/uploads\/2023\/11\/Captura-de-pantalla-2023-11-13-a-las-11.09.56.png","contentUrl":"https:\/\/alrosolar.com\/wp-content\/uploads\/2023\/11\/Captura-de-pantalla-2023-11-13-a-las-11.09.56.png","width":454,"height":122,"caption":"AlroSolar S.L."},"image":{"@id":"https:\/\/alrosolar.com\/fr\/#\/schema\/logo\/image\/"}}]}},"_links":{"self":[{"href":"https:\/\/alrosolar.com\/fr\/wp-json\/wp\/v2\/pages\/882","targetHints":{"allow":["GET"]}}],"collection":[{"href":"https:\/\/alrosolar.com\/fr\/wp-json\/wp\/v2\/pages"}],"about":[{"href":"https:\/\/alrosolar.com\/fr\/wp-json\/wp\/v2\/types\/page"}],"author":[{"embeddable":true,"href":"https:\/\/alrosolar.com\/fr\/wp-json\/wp\/v2\/users\/1"}],"replies":[{"embeddable":true,"href":"https:\/\/alrosolar.com\/fr\/wp-json\/wp\/v2\/comments?post=882"}],"version-history":[{"count":1,"href":"https:\/\/alrosolar.com\/fr\/wp-json\/wp\/v2\/pages\/882\/revisions"}],"predecessor-version":[{"id":883,"href":"https:\/\/alrosolar.com\/fr\/wp-json\/wp\/v2\/pages\/882\/revisions\/883"}],"wp:attachment":[{"href":"https:\/\/alrosolar.com\/fr\/wp-json\/wp\/v2\/media?parent=882"}],"curies":[{"name":"wp","href":"https:\/\/api.w.org\/{rel}","templated":true}]}}