{"id":874,"date":"2023-03-06T09:47:19","date_gmt":"2023-03-06T08:47:19","guid":{"rendered":"https:\/\/alrosolar.com\/contact\/"},"modified":"2025-03-05T10:40:45","modified_gmt":"2025-03-05T09:40:45","slug":"contact","status":"publish","type":"page","link":"https:\/\/alrosolar.com\/fr\/contact\/","title":{"rendered":"Contact"},"content":{"rendered":"\n<div  class=\"content mt-xl mb-xl\">\n\n\t\n\t\t\t<div class=\"container\">\n\t\t\t\n\t\t\n\t\t\t\n<div class=\"row gap-col-md gap-row-md\">\n\t\n<div class=\"col col-12 col-md-12 col-xl-6\">\n\t\t\n\n<h1 class=\"wp-block-heading\">Contact<\/h1>\n\n\t<\/div>\n\n<div class=\"col col-12 col-md-12 col-xl-6\">\n\t\t\n\n<p class=\"\">Contactez-nous, \u00e9crivez-nous ou appelez-nous pour tout type de question ou de doute sur les installations photovolta\u00efques. Vous serez inform\u00e9 par nos meilleurs professionnels.<\/p>\n\n\t<\/div>\n<\/div>\n\n<div class=\"row gap-col-md gap-row-md mt-md\">\n\t\n<div class=\"col col-12 col-md-12 col-xl-6\">\n\t\t\n\n<p class=\"\">Calle Pertiguero, 28.<br\/>El Palmar (Murcie)<\/p>\n\n\n\n<p class=\"asede  mt-xs\"><a href=\"T&#xE9;l&#xE9;phone&#xA0;:+34%20968%20970%20782\" data-type=\"tel\" data-id=\"tel:+34 968 970 782\">T\u00e9l. +34 968 970 782<\/a><\/p>\n\n\t<\/div>\n\n<div class=\"col col-12 col-md-12 col-xl-6\">\n\t\t\n\n<div class=\"wp-block-contact-form-7-contact-form-selector\">\n<div class=\"wpcf7 no-js\" id=\"wpcf7-f890-o1\" lang=\"fr-FR\" dir=\"ltr\" data-wpcf7-id=\"890\">\n<div class=\"screen-reader-response\"><p role=\"status\" aria-live=\"polite\" aria-atomic=\"true\"><\/p> <ul><\/ul><\/div>\n<form action=\"\/fr\/wp-json\/wp\/v2\/pages\/874#wpcf7-f890-o1\" method=\"post\" class=\"wpcf7-form init\" aria-label=\"Formulaire de contact\" novalidate=\"novalidate\" data-status=\"init\">\n<div style=\"display: none;\">\n<input type=\"hidden\" name=\"_wpcf7\" value=\"890\" \/>\n<input type=\"hidden\" name=\"_wpcf7_version\" value=\"6.0.4\" \/>\n<input type=\"hidden\" name=\"_wpcf7_locale\" value=\"fr_FR\" \/>\n<input type=\"hidden\" name=\"_wpcf7_unit_tag\" value=\"wpcf7-f890-o1\" \/>\n<input type=\"hidden\" name=\"_wpcf7_container_post\" value=\"0\" \/>\n<input type=\"hidden\" name=\"_wpcf7_posted_data_hash\" value=\"\" \/>\n<input type=\"hidden\" name=\"_wpcf7_recaptcha_response\" value=\"\" \/>\n<\/div>\n<div class=\"forms\">\n        <div class=\"forms__row nocolor hide\">\n\t\t<div class=\"wpcf7-response-output\" aria-hidden=\"true\"><\/div>\n\t<\/div>\n\t<div class=\"forms__row\">\n\t\t<label for=\"nombre\">Nom*<\/label>\n\t\t<span class=\"wpcf7-form-control-wrap\" data-name=\"nombre\"><input size=\"40\" maxlength=\"400\" class=\"wpcf7-form-control wpcf7-text wpcf7-validates-as-required\" id=\"nombre\" aria-required=\"true\" aria-invalid=\"false\" placeholder=\"Comment devons-nous nous adresser \u00e0 vous\" value=\"\" type=\"text\" name=\"nombre\" \/><\/span>\n\t<\/div>\n\t<div class=\"forms__row\">\n\t\t<label for=\"email\">E-mail*<\/label>\n\t\t<span class=\"wpcf7-form-control-wrap\" data-name=\"email\"><input size=\"40\" maxlength=\"400\" class=\"wpcf7-form-control wpcf7-email wpcf7-validates-as-required wpcf7-text wpcf7-validates-as-email\" id=\"email\" aria-required=\"true\" aria-invalid=\"false\" placeholder=\"E-mail\" value=\"\" type=\"email\" name=\"email\" \/><\/span>\n\t<\/div>\n        <div class=\"forms__row\">\n\t\t<label for=\"tel-223\">T\u00e9l\u00e9phone*<\/label>\n\t\t<span class=\"wpcf7-form-control-wrap\" data-name=\"tel-223\"><input size=\"40\" maxlength=\"400\" class=\"wpcf7-form-control wpcf7-tel wpcf7-text wpcf7-validates-as-tel\" id=\"telefono\" aria-invalid=\"false\" placeholder=\"Votre num\u00e9ro\" value=\"\" type=\"tel\" name=\"tel-223\" \/><\/span>\n\t<\/div>\n\t<div class=\"forms__row\">\n\t\t<label for=\"email\">Sujet*<\/label>\n                <span class=\"wpcf7-form-control-wrap\" data-name=\"asunto\"><input size=\"40\" maxlength=\"400\" class=\"wpcf7-form-control wpcf7-text wpcf7-validates-as-required\" aria-required=\"true\" aria-invalid=\"false\" placeholder=\"De quoi s&#039;agit-il?\" value=\"\" type=\"text\" name=\"asunto\" \/><\/span>\n\t<\/div>\n\t<div class=\"forms__row lastrow\">\n\t\t<label for=\"mensaje\">Message*<\/label>\n\t\t<span class=\"wpcf7-form-control-wrap\" data-name=\"mensanje\"><textarea cols=\"40\" rows=\"10\" maxlength=\"2000\" class=\"wpcf7-form-control wpcf7-textarea wpcf7-validates-as-required\" id=\"mensaje\" aria-required=\"true\" aria-invalid=\"false\" placeholder=\"De quoi avez-vous besoin?\" name=\"mensanje\"><\/textarea><\/span>\n\t<\/div>\n\n\t<div class=\"forms__row nocolor\">\n\t\t<div class=\"row\">\n\t\t\t<div class=\"col-12 col-xl-7 flexh align-xl-center privacy\">\n\t                    <span class=\"wpcf7-form-control-wrap\" data-name=\"politica\"><span class=\"wpcf7-form-control wpcf7-acceptance\"><span class=\"wpcf7-list-item\"><input type=\"checkbox\" name=\"politica\" value=\"1\" aria-invalid=\"false\" \/><\/span><\/span><\/span> J'ai lu et j'accepte les &nbsp;<a class=\"aceptanceText\" href=\"https:\/\/alrosolar.com\/fr\/politique-de-confidentialite\/\" target=\"_blank\"><b>Politiques de confidentialit\u00e9<\/b><\/a>\n\t\t\t<\/div>\n\t\t\t<div class=\"col-12 col-xl-5 flexh justify-xl-end justify-md-start justify-xs-start\">\n                           <button type=\"submit\" class=\"wpcf7-form-control wpcf7-submit btn btn-primary custom-btn- \n                            style\">Envoyer<\/button> \n                           <span id=\"wpcf7-69f31949ca29e-wrapper\" class=\"wpcf7-form-control-wrap midireccion-wrap\" style=\"display:none !important; visibility:hidden !important;\"><input type=\"hidden\" name=\"midireccion-time-start\" value=\"1777539401\"><input type=\"hidden\" name=\"midireccion-time-check\" value=\"4\"><label for=\"wpcf7-69f31949ca29e-field\" class=\"hp-message\">Veuillez laisser ce champ vide.<\/label><input id=\"wpcf7-69f31949ca29e-field\"  class=\"wpcf7-form-control wpcf7-text\" type=\"text\" name=\"midireccion\" value=\"\" size=\"40\" tabindex=\"-1\" autocomplete=\"new-password\" \/><\/span>                          \n\t\t\t<\/div>\n\t\t<\/div>\n\t<\/div>\n\n<\/div>\n<\/form>\n<\/div>\n<\/div>\n\n\t<\/div>\n<\/div>\n\t\t\t\n\t\t\n\t\t\t<\/div>\n\t<\/div>\n","protected":false},"excerpt":{"rendered":"","protected":false},"author":1,"featured_media":0,"parent":0,"menu_order":0,"comment_status":"closed","ping_status":"closed","template":"","meta":{"inline_featured_image":false,"footnotes":""},"class_list":["post-874","page","type-page","status-publish","hentry"],"acf":[],"yoast_head":"<!-- This site is optimized with the Yoast SEO plugin v24.5 - https:\/\/yoast.com\/wordpress\/plugins\/seo\/ -->\n<title>Contact - Alrosolar<\/title>\n<meta name=\"description\" content=\"Contactez-nous pour tout type de question ou de doute sur les installations photovolta\u00efques. Vous serez inform\u00e9 par nos meilleurs professionnels.\" \/>\n<meta name=\"robots\" content=\"index, follow, max-snippet:-1, max-image-preview:large, max-video-preview:-1\" \/>\n<link rel=\"canonical\" href=\"https:\/\/alrosolar.com\/fr\/contact\/\" \/>\n<meta property=\"og:locale\" content=\"fr_FR\" \/>\n<meta property=\"og:type\" content=\"article\" \/>\n<meta property=\"og:title\" content=\"Contact - Alrosolar\" \/>\n<meta property=\"og:description\" content=\"Contactez-nous pour tout type de question ou de doute sur les installations photovolta\u00efques. Vous serez inform\u00e9 par nos meilleurs professionnels.\" \/>\n<meta property=\"og:url\" content=\"https:\/\/alrosolar.com\/fr\/contact\/\" \/>\n<meta property=\"og:site_name\" content=\"Alrosolar\" \/>\n<meta property=\"article:modified_time\" content=\"2025-03-05T09:40:45+00:00\" \/>\n<meta property=\"og:image\" content=\"https:\/\/alrosolar.com\/wp-content\/uploads\/2023\/04\/granjapuentealto.jpg\" \/>\n\t<meta property=\"og:image:width\" content=\"640\" \/>\n\t<meta property=\"og:image:height\" content=\"640\" \/>\n\t<meta property=\"og:image:type\" content=\"image\/jpeg\" \/>\n<meta name=\"twitter:card\" content=\"summary_large_image\" \/>\n<script type=\"application\/ld+json\" class=\"yoast-schema-graph\">{\"@context\":\"https:\/\/schema.org\",\"@graph\":[{\"@type\":\"WebPage\",\"@id\":\"https:\/\/alrosolar.com\/fr\/contact\/\",\"url\":\"https:\/\/alrosolar.com\/fr\/contact\/\",\"name\":\"Contact - Alrosolar\",\"isPartOf\":{\"@id\":\"https:\/\/alrosolar.com\/fr\/#website\"},\"datePublished\":\"2023-03-06T08:47:19+00:00\",\"dateModified\":\"2025-03-05T09:40:45+00:00\",\"description\":\"Contactez-nous pour tout type de question ou de doute sur les installations photovolta\u00efques. Vous serez inform\u00e9 par nos meilleurs professionnels.\",\"breadcrumb\":{\"@id\":\"https:\/\/alrosolar.com\/fr\/contact\/#breadcrumb\"},\"inLanguage\":\"fr-FR\",\"potentialAction\":[{\"@type\":\"ReadAction\",\"target\":[\"https:\/\/alrosolar.com\/fr\/contact\/\"]}]},{\"@type\":\"BreadcrumbList\",\"@id\":\"https:\/\/alrosolar.com\/fr\/contact\/#breadcrumb\",\"itemListElement\":[{\"@type\":\"ListItem\",\"position\":1,\"name\":\"Portada\",\"item\":\"https:\/\/alrosolar.com\/fr\/\"},{\"@type\":\"ListItem\",\"position\":2,\"name\":\"Contact\"}]},{\"@type\":\"WebSite\",\"@id\":\"https:\/\/alrosolar.com\/fr\/#website\",\"url\":\"https:\/\/alrosolar.com\/fr\/\",\"name\":\"Alrosolar\",\"description\":\"dise\u00f1o, instalaci\u00f3n y mantenimiento de sistemas de energ\u00eda renovable\",\"publisher\":{\"@id\":\"https:\/\/alrosolar.com\/fr\/#organization\"},\"alternateName\":\"Alrosolar Energ\u00eda Renovable\",\"potentialAction\":[{\"@type\":\"SearchAction\",\"target\":{\"@type\":\"EntryPoint\",\"urlTemplate\":\"https:\/\/alrosolar.com\/fr\/?s={search_term_string}\"},\"query-input\":{\"@type\":\"PropertyValueSpecification\",\"valueRequired\":true,\"valueName\":\"search_term_string\"}}],\"inLanguage\":\"fr-FR\"},{\"@type\":\"Organization\",\"@id\":\"https:\/\/alrosolar.com\/fr\/#organization\",\"name\":\"AlroSolar S.L.\",\"alternateName\":\"AlroSolar Energ\u00eda\",\"url\":\"https:\/\/alrosolar.com\/fr\/\",\"logo\":{\"@type\":\"ImageObject\",\"inLanguage\":\"fr-FR\",\"@id\":\"https:\/\/alrosolar.com\/fr\/#\/schema\/logo\/image\/\",\"url\":\"https:\/\/alrosolar.com\/wp-content\/uploads\/2023\/11\/Captura-de-pantalla-2023-11-13-a-las-11.09.56.png\",\"contentUrl\":\"https:\/\/alrosolar.com\/wp-content\/uploads\/2023\/11\/Captura-de-pantalla-2023-11-13-a-las-11.09.56.png\",\"width\":454,\"height\":122,\"caption\":\"AlroSolar S.L.\"},\"image\":{\"@id\":\"https:\/\/alrosolar.com\/fr\/#\/schema\/logo\/image\/\"}}]}<\/script>\n<!-- \/ Yoast SEO plugin. -->","yoast_head_json":{"title":"Contact - Alrosolar","description":"Contactez-nous pour tout type de question ou de doute sur les installations photovolta\u00efques. Vous serez inform\u00e9 par nos meilleurs professionnels.","robots":{"index":"index","follow":"follow","max-snippet":"max-snippet:-1","max-image-preview":"max-image-preview:large","max-video-preview":"max-video-preview:-1"},"canonical":"https:\/\/alrosolar.com\/fr\/contact\/","og_locale":"fr_FR","og_type":"article","og_title":"Contact - Alrosolar","og_description":"Contactez-nous pour tout type de question ou de doute sur les installations photovolta\u00efques. Vous serez inform\u00e9 par nos meilleurs professionnels.","og_url":"https:\/\/alrosolar.com\/fr\/contact\/","og_site_name":"Alrosolar","article_modified_time":"2025-03-05T09:40:45+00:00","og_image":[{"width":640,"height":640,"url":"https:\/\/alrosolar.com\/wp-content\/uploads\/2023\/04\/granjapuentealto.jpg","type":"image\/jpeg"}],"twitter_card":"summary_large_image","schema":{"@context":"https:\/\/schema.org","@graph":[{"@type":"WebPage","@id":"https:\/\/alrosolar.com\/fr\/contact\/","url":"https:\/\/alrosolar.com\/fr\/contact\/","name":"Contact - Alrosolar","isPartOf":{"@id":"https:\/\/alrosolar.com\/fr\/#website"},"datePublished":"2023-03-06T08:47:19+00:00","dateModified":"2025-03-05T09:40:45+00:00","description":"Contactez-nous pour tout type de question ou de doute sur les installations photovolta\u00efques. Vous serez inform\u00e9 par nos meilleurs professionnels.","breadcrumb":{"@id":"https:\/\/alrosolar.com\/fr\/contact\/#breadcrumb"},"inLanguage":"fr-FR","potentialAction":[{"@type":"ReadAction","target":["https:\/\/alrosolar.com\/fr\/contact\/"]}]},{"@type":"BreadcrumbList","@id":"https:\/\/alrosolar.com\/fr\/contact\/#breadcrumb","itemListElement":[{"@type":"ListItem","position":1,"name":"Portada","item":"https:\/\/alrosolar.com\/fr\/"},{"@type":"ListItem","position":2,"name":"Contact"}]},{"@type":"WebSite","@id":"https:\/\/alrosolar.com\/fr\/#website","url":"https:\/\/alrosolar.com\/fr\/","name":"Alrosolar","description":"dise\u00f1o, instalaci\u00f3n y mantenimiento de sistemas de energ\u00eda renovable","publisher":{"@id":"https:\/\/alrosolar.com\/fr\/#organization"},"alternateName":"Alrosolar Energ\u00eda Renovable","potentialAction":[{"@type":"SearchAction","target":{"@type":"EntryPoint","urlTemplate":"https:\/\/alrosolar.com\/fr\/?s={search_term_string}"},"query-input":{"@type":"PropertyValueSpecification","valueRequired":true,"valueName":"search_term_string"}}],"inLanguage":"fr-FR"},{"@type":"Organization","@id":"https:\/\/alrosolar.com\/fr\/#organization","name":"AlroSolar S.L.","alternateName":"AlroSolar Energ\u00eda","url":"https:\/\/alrosolar.com\/fr\/","logo":{"@type":"ImageObject","inLanguage":"fr-FR","@id":"https:\/\/alrosolar.com\/fr\/#\/schema\/logo\/image\/","url":"https:\/\/alrosolar.com\/wp-content\/uploads\/2023\/11\/Captura-de-pantalla-2023-11-13-a-las-11.09.56.png","contentUrl":"https:\/\/alrosolar.com\/wp-content\/uploads\/2023\/11\/Captura-de-pantalla-2023-11-13-a-las-11.09.56.png","width":454,"height":122,"caption":"AlroSolar S.L."},"image":{"@id":"https:\/\/alrosolar.com\/fr\/#\/schema\/logo\/image\/"}}]}},"_links":{"self":[{"href":"https:\/\/alrosolar.com\/fr\/wp-json\/wp\/v2\/pages\/874","targetHints":{"allow":["GET"]}}],"collection":[{"href":"https:\/\/alrosolar.com\/fr\/wp-json\/wp\/v2\/pages"}],"about":[{"href":"https:\/\/alrosolar.com\/fr\/wp-json\/wp\/v2\/types\/page"}],"author":[{"embeddable":true,"href":"https:\/\/alrosolar.com\/fr\/wp-json\/wp\/v2\/users\/1"}],"replies":[{"embeddable":true,"href":"https:\/\/alrosolar.com\/fr\/wp-json\/wp\/v2\/comments?post=874"}],"version-history":[{"count":1,"href":"https:\/\/alrosolar.com\/fr\/wp-json\/wp\/v2\/pages\/874\/revisions"}],"predecessor-version":[{"id":875,"href":"https:\/\/alrosolar.com\/fr\/wp-json\/wp\/v2\/pages\/874\/revisions\/875"}],"wp:attachment":[{"href":"https:\/\/alrosolar.com\/fr\/wp-json\/wp\/v2\/media?parent=874"}],"curies":[{"name":"wp","href":"https:\/\/api.w.org\/{rel}","templated":true}]}}