{"id":866,"date":"2023-03-06T09:46:30","date_gmt":"2023-03-06T08:46:30","guid":{"rendered":"https:\/\/alrosolar.com\/services\/"},"modified":"2025-03-17T13:55:57","modified_gmt":"2025-03-17T12:55:57","slug":"services","status":"publish","type":"page","link":"https:\/\/alrosolar.com\/fr\/services\/","title":{"rendered":"Services"},"content":{"rendered":"\n<div  class=\"content mt-xl\">\n\n\t\n\t\t\t<div class=\"container\">\n\t\t\t\n\t\t\n\t\t\t\n<div class=\"row gap-col-md gap-row-md\">\n\t\n<div class=\"col col-12 col-md-12 col-xl-6\">\n\t\t\n\n<h1 class=\"wp-block-heading\">Services<\/h1>\n\n\t<\/div>\n\n<div class=\"col col-12 col-md-12 col-xl-6\">\n\t\t\n\n<p class=\"\">Nous offrons des conseils et des services aux particuliers ou aux entreprises int\u00e9ress\u00e9s par l\u2019adoption de technologies d\u2019\u00e9nergie renouvelable, telles que le solaire, l\u2019\u00e9olien, la g\u00e9othermie, entre autres.<\/p>\n\n\t<\/div>\n<\/div>\n\t\t\t\n\t\t\n\t\t\t<\/div>\n\t<\/div>\n\n\n\n<div  class=\"content mt-md mb-md\">\n\n\t\n\t\t\t<div class=\"container\">\n\t\t\t\n\t\t\n\t\t\t\n\n<h2 class=\"wp-block-heading hasIcon aslink  mb-xs\">Quels services nous offrons<\/h2>\n\n\n\r\n\r\n<div class=\"box\">\r\n\t\n<div class=\"row gap-col-md gap-row-md box__clip isCard\">\n\t\n<div class=\"col col-12 col-md-12 col-xl-6 box__title\">\n\t\t\n\n<h3 class=\"wp-block-heading hasIcon aslink\">Conception et planification<\/h3>\n\n\t<\/div>\n\n<div class=\"col col-12 col-md-12 col-xl-6 box__content\">\n\t\t\n\n<ul class=\"wp-block-list\">\n<li>Nous aidons nos clients \u00e0 concevoir et \u00e0 planifier des projets d\u2019\u00e9nergie renouvelable, y compris la s\u00e9lection des composants, l\u2019installation de panneaux solaires et d\u2019\u00e9oliennes et la connexion au r\u00e9seau \u00e9lectrique.<\/li>\n<\/ul>\n\n\t<\/div>\n\n<div class=\"col col-12 col-md-12 col-xl-12 box__separator\">\n\t\t\n\n<hr class=\"wp-block-separator has-text-color has-alpha-channel-opacity has-background is-style-wide\" style=\"background-color:#cacaca;color:#cacaca\"\/>\n\n\t<\/div>\n<\/div>\n<\/div>\n\n\r\n\r\n<div class=\"box\">\r\n\t\n<div class=\"row gap-col-md gap-row-md box__clip\">\n\t\n<div class=\"col col-12 col-md-12 col-xl-6 box__title\">\n\t\t\n\n<h3 class=\"wp-block-heading hasIcon aslink\">Conception et faisabilit\u00e9<\/h3>\n\n\t<\/div>\n\n<div class=\"col col-12 col-md-12 col-xl-6 box__content\">\n\t\t\n\n<ul class=\"wp-block-list\">\n<li>Nous \u00e9valuons si un projet d\u2019\u00e9nergie renouvelable est viable dans un endroit sp\u00e9cifique en termes de ressources disponibles, de conditions climatiques et de r\u00e9glementations.<\/li>\n<\/ul>\n\n\t<\/div>\n\n<div class=\"col col-12 col-md-12 col-xl-12 box__separator\">\n\t\t\n\n<hr class=\"wp-block-separator has-alpha-channel-opacity is-style-wide\"\/>\n\n\t<\/div>\n<\/div>\n<\/div>\n\n\r\n\r\n<div class=\"box\">\r\n\t\n<div class=\"row gap-col-md gap-row-md box__clip\">\n\t\n<div class=\"col col-12 col-md-12 col-xl-6 box__title\">\n\t\t\n\n<h3 class=\"wp-block-heading hasIcon aslink\">Conseil financier<\/h3>\n\n\t<\/div>\n\n<div class=\"col col-12 col-md-12 col-xl-6 box__content\">\n\t\t\n\n<ul class=\"wp-block-list\">\n<li>Nous fournissons des conseils financiers pour aider les clients \u00e0 identifier les options de financement les plus appropri\u00e9es pour leurs projets d\u2019\u00e9nergie renouvelable.<\/li>\n<\/ul>\n\n\t<\/div>\n\n<div class=\"col col-12 col-md-12 col-xl-12 box__separator\">\n\t\t\n\n<hr class=\"wp-block-separator has-alpha-channel-opacity is-style-wide\"\/>\n\n\t<\/div>\n<\/div>\n<\/div>\n\n\r\n\r\n<div class=\"box\">\r\n\t\n<div class=\"row gap-col-md gap-row-md box__clip\">\n\t\n<div class=\"col col-12 col-md-12 col-xl-6 box__title\">\n\t\t\n\n<h3 class=\"wp-block-heading hasIcon aslink\">Mise en \u0153uvre et suivi<\/h3>\n\n\t<\/div>\n\n<div class=\"col col-12 col-md-12 col-xl-6 box__content\">\n\t\t\n\n<ul class=\"wp-block-list\">\n<li>Nous accompagnons nos clients dans la mise en \u0153uvre de projets d\u2019\u00e9nergie renouvelable et les accompagnons dans leur suivi et leur gestion.<\/li>\n<\/ul>\n\n\t<\/div>\n\n<div class=\"col col-12 col-md-12 col-xl-12 box__separator\">\n\t\t\n\n<hr class=\"wp-block-separator has-alpha-channel-opacity is-style-wide\"\/>\n\n\t<\/div>\n<\/div>\n<\/div>\n\n\r\n\r\n<div class=\"box\">\r\n\t\n<div class=\"row gap-col-md gap-row-md box__clip\">\n\t\n<div class=\"col col-12 col-md-12 col-xl-6 box__title\">\n\t\t\n\n<h3 class=\"wp-block-heading hasIcon aslink\">Formation et \u00e9ducation<\/h3>\n\n\t<\/div>\n\n<div class=\"col col-12 col-md-12 col-xl-6 box__content\">\n\t\t\n\n<ul class=\"wp-block-list\">\n<li>Nous proposons des formations et des formations pour aider les clients \u00e0 comprendre et \u00e0 tirer le meilleur parti des technologies d\u2019\u00e9nergie renouvelable.<\/li>\n<\/ul>\n\n\t<\/div>\n\n<div class=\"col col-12 col-md-12 col-xl-12 box__separator\">\n\t\t\n\n<hr class=\"wp-block-separator has-alpha-channel-opacity is-style-wide\"\/>\n\n\t<\/div>\n<\/div>\n<\/div>\n\n\r\n\r\n<div class=\"box\">\r\n\t\n<div class=\"row gap-col-md gap-row-md box__clip\">\n\t\n<div class=\"col col-12 col-md-12 col-xl-6 box__title\">\n\t\t\n\n<h3 class=\"wp-block-heading hasIcon aslink\">Analyse de faisabilit\u00e9<\/h3>\n\n\t<\/div>\n\n<div class=\"col col-12 col-md-12 col-xl-6 box__content\">\n\t\t\n\n<ul class=\"wp-block-list\">\n<li>Nous \u00e9valuons si un projet d\u2019\u00e9nergie renouvelable est viable dans un endroit sp\u00e9cifique en termes de ressources disponibles, de conditions climatiques et de r\u00e9glementations.<\/li>\n<\/ul>\n\n\t<\/div>\n\n<div class=\"col col-12 col-md-12 col-xl-12 box__separator\">\n\t\t\n\n<hr class=\"wp-block-separator has-alpha-channel-opacity is-style-wide\"\/>\n\n\t<\/div>\n<\/div>\n<\/div>\n\n\r\n\r\n<div class=\"box\">\r\n\t\n<div class=\"row gap-col-md gap-row-md box__clip\">\n\t\n<div class=\"col col-12 col-md-12 col-xl-6 box__title\">\n\t\t\n\n<h3 class=\"wp-block-heading hasIcon aslink\">Entretien<\/h3>\n\n\t<\/div>\n\n<div class=\"col col-12 col-md-12 col-xl-6 box__content\">\n\t\t\n\n<ul class=\"wp-block-list\">\n<li>Nous proposons des services d\u2019entretien et de r\u00e9paration pour nous assurer que le syst\u00e8me de panneaux photovolta\u00efques continue de fonctionner efficacement et de produire de l\u2019\u00e9nergie en continu. Nous r\u00e9alisons des \u00e9tudes thermographiques, des mesures pr\u00e9cises de l\u2019\u00e9volution de la plante. De plus, nous offrons un service de gestion de documents avec l\u2019envoi p\u00e9riodique de rapports.<\/li>\n<\/ul>\n\n\t<\/div>\n\n<div class=\"col col-12 col-md-12 col-xl-12 box__separator\">\n\t\t\n\n<p class=\"\"><\/p>\n\n\t<\/div>\n<\/div>\n<\/div>\n\t\t\t\n\t\t\n\t\t\t<\/div>\n\t<\/div>\n\n\n\n<div  class=\"content mt-md mb-md\">\n\n\t\n\t\t\t<div class=\"container\">\n\t\t\t\n\t\t\n\t\t\t\n\r\n\r\n<div class=\"cta\">\r\n\t\t\n<div class=\"row gap-col-none gap-row-none\">\n\t\n<div class=\"col col-12 col-md-12 col-xl-6 cta__image\">\n\t\t\n\n<figure class=\"wp-block-image alignfull size-large\"><img loading=\"lazy\" decoding=\"async\" width=\"615\" height=\"460\" src=\"https:\/\/alrosolar.com\/wp-content\/uploads\/2023\/03\/image-1.svg\" alt=\"\" class=\"wp-image-130\"\/><\/figure>\n\n\t<\/div>\n\n<div class=\"col col-12 col-md-12 col-xl-6 cta__content\">\n\t\t\n\n<h2 class=\"wp-block-heading\">\u00c9crire<\/h2>\n\n\n\n<p class=\"\">Si vous \u00eates int\u00e9ress\u00e9 par l\u2019un de nos services, ou pour toute question, veuillez nous contacter.<\/p>\n\n\n<a role=\"button\" href=\"https:\/\/alrosolar.com\/fr\/contact\/\" class=\"btn\"   title=\"CONTACTER\">CONTACTER\t<span class=\"arrow\"><\/span>\n<\/a>\n\t<\/div>\n<\/div>\n<\/div>\n\t\t\t\n\t\t\n\t\t\t<\/div>\n\t<\/div>\n","protected":false},"excerpt":{"rendered":"","protected":false},"author":1,"featured_media":0,"parent":0,"menu_order":0,"comment_status":"closed","ping_status":"closed","template":"","meta":{"inline_featured_image":false,"footnotes":""},"class_list":["post-866","page","type-page","status-publish","hentry"],"acf":[],"yoast_head":"<!-- This site is optimized with the Yoast SEO plugin v24.5 - https:\/\/yoast.com\/wordpress\/plugins\/seo\/ -->\n<title>Services - Alrosolar<\/title>\n<meta name=\"description\" content=\"Nous offrons des conseils et des services aux particuliers ou aux entreprises int\u00e9ress\u00e9s par l\u2019adoption de technologies d\u2019\u00e9nergie renouvelable.\" \/>\n<meta name=\"robots\" content=\"index, follow, max-snippet:-1, max-image-preview:large, max-video-preview:-1\" \/>\n<link rel=\"canonical\" href=\"https:\/\/alrosolar.com\/fr\/services\/\" \/>\n<meta property=\"og:locale\" content=\"fr_FR\" \/>\n<meta property=\"og:type\" content=\"article\" \/>\n<meta property=\"og:title\" content=\"Services - Alrosolar\" \/>\n<meta property=\"og:description\" content=\"Nous offrons des conseils et des services aux particuliers ou aux entreprises int\u00e9ress\u00e9s par l\u2019adoption de technologies d\u2019\u00e9nergie renouvelable.\" \/>\n<meta property=\"og:url\" content=\"https:\/\/alrosolar.com\/fr\/services\/\" \/>\n<meta property=\"og:site_name\" content=\"Alrosolar\" \/>\n<meta property=\"article:modified_time\" content=\"2025-03-17T12:55:57+00:00\" \/>\n<meta property=\"og:image\" content=\"https:\/\/alrosolar.com\/wp-content\/uploads\/2023\/04\/granjapuentealto.jpg\" \/>\n\t<meta property=\"og:image:width\" content=\"640\" \/>\n\t<meta property=\"og:image:height\" content=\"640\" \/>\n\t<meta property=\"og:image:type\" content=\"image\/jpeg\" \/>\n<meta name=\"twitter:card\" content=\"summary_large_image\" \/>\n<meta name=\"twitter:label1\" content=\"Dur\u00e9e de lecture estim\u00e9e\" \/>\n\t<meta name=\"twitter:data1\" content=\"2 minutes\" \/>\n<script type=\"application\/ld+json\" class=\"yoast-schema-graph\">{\"@context\":\"https:\/\/schema.org\",\"@graph\":[{\"@type\":\"WebPage\",\"@id\":\"https:\/\/alrosolar.com\/fr\/services\/\",\"url\":\"https:\/\/alrosolar.com\/fr\/services\/\",\"name\":\"Services - Alrosolar\",\"isPartOf\":{\"@id\":\"https:\/\/alrosolar.com\/fr\/#website\"},\"primaryImageOfPage\":{\"@id\":\"https:\/\/alrosolar.com\/fr\/services\/#primaryimage\"},\"image\":{\"@id\":\"https:\/\/alrosolar.com\/fr\/services\/#primaryimage\"},\"thumbnailUrl\":\"https:\/\/alrosolar.com\/wp-content\/uploads\/2023\/03\/image-1.svg\",\"datePublished\":\"2023-03-06T08:46:30+00:00\",\"dateModified\":\"2025-03-17T12:55:57+00:00\",\"description\":\"Nous offrons des conseils et des services aux particuliers ou aux entreprises int\u00e9ress\u00e9s par l\u2019adoption de technologies d\u2019\u00e9nergie renouvelable.\",\"breadcrumb\":{\"@id\":\"https:\/\/alrosolar.com\/fr\/services\/#breadcrumb\"},\"inLanguage\":\"fr-FR\",\"potentialAction\":[{\"@type\":\"ReadAction\",\"target\":[\"https:\/\/alrosolar.com\/fr\/services\/\"]}]},{\"@type\":\"ImageObject\",\"inLanguage\":\"fr-FR\",\"@id\":\"https:\/\/alrosolar.com\/fr\/services\/#primaryimage\",\"url\":\"https:\/\/alrosolar.com\/wp-content\/uploads\/2023\/03\/image-1.svg\",\"contentUrl\":\"https:\/\/alrosolar.com\/wp-content\/uploads\/2023\/03\/image-1.svg\"},{\"@type\":\"BreadcrumbList\",\"@id\":\"https:\/\/alrosolar.com\/fr\/services\/#breadcrumb\",\"itemListElement\":[{\"@type\":\"ListItem\",\"position\":1,\"name\":\"Portada\",\"item\":\"https:\/\/alrosolar.com\/fr\/\"},{\"@type\":\"ListItem\",\"position\":2,\"name\":\"Services\"}]},{\"@type\":\"WebSite\",\"@id\":\"https:\/\/alrosolar.com\/fr\/#website\",\"url\":\"https:\/\/alrosolar.com\/fr\/\",\"name\":\"Alrosolar\",\"description\":\"dise\u00f1o, instalaci\u00f3n y mantenimiento de sistemas de energ\u00eda renovable\",\"publisher\":{\"@id\":\"https:\/\/alrosolar.com\/fr\/#organization\"},\"alternateName\":\"Alrosolar Energ\u00eda Renovable\",\"potentialAction\":[{\"@type\":\"SearchAction\",\"target\":{\"@type\":\"EntryPoint\",\"urlTemplate\":\"https:\/\/alrosolar.com\/fr\/?s={search_term_string}\"},\"query-input\":{\"@type\":\"PropertyValueSpecification\",\"valueRequired\":true,\"valueName\":\"search_term_string\"}}],\"inLanguage\":\"fr-FR\"},{\"@type\":\"Organization\",\"@id\":\"https:\/\/alrosolar.com\/fr\/#organization\",\"name\":\"AlroSolar S.L.\",\"alternateName\":\"AlroSolar Energ\u00eda\",\"url\":\"https:\/\/alrosolar.com\/fr\/\",\"logo\":{\"@type\":\"ImageObject\",\"inLanguage\":\"fr-FR\",\"@id\":\"https:\/\/alrosolar.com\/fr\/#\/schema\/logo\/image\/\",\"url\":\"https:\/\/alrosolar.com\/wp-content\/uploads\/2023\/11\/Captura-de-pantalla-2023-11-13-a-las-11.09.56.png\",\"contentUrl\":\"https:\/\/alrosolar.com\/wp-content\/uploads\/2023\/11\/Captura-de-pantalla-2023-11-13-a-las-11.09.56.png\",\"width\":454,\"height\":122,\"caption\":\"AlroSolar S.L.\"},\"image\":{\"@id\":\"https:\/\/alrosolar.com\/fr\/#\/schema\/logo\/image\/\"}}]}<\/script>\n<!-- \/ Yoast SEO plugin. -->","yoast_head_json":{"title":"Services - Alrosolar","description":"Nous offrons des conseils et des services aux particuliers ou aux entreprises int\u00e9ress\u00e9s par l\u2019adoption de technologies d\u2019\u00e9nergie renouvelable.","robots":{"index":"index","follow":"follow","max-snippet":"max-snippet:-1","max-image-preview":"max-image-preview:large","max-video-preview":"max-video-preview:-1"},"canonical":"https:\/\/alrosolar.com\/fr\/services\/","og_locale":"fr_FR","og_type":"article","og_title":"Services - Alrosolar","og_description":"Nous offrons des conseils et des services aux particuliers ou aux entreprises int\u00e9ress\u00e9s par l\u2019adoption de technologies d\u2019\u00e9nergie renouvelable.","og_url":"https:\/\/alrosolar.com\/fr\/services\/","og_site_name":"Alrosolar","article_modified_time":"2025-03-17T12:55:57+00:00","og_image":[{"width":640,"height":640,"url":"https:\/\/alrosolar.com\/wp-content\/uploads\/2023\/04\/granjapuentealto.jpg","type":"image\/jpeg"}],"twitter_card":"summary_large_image","twitter_misc":{"Dur\u00e9e de lecture estim\u00e9e":"2 minutes"},"schema":{"@context":"https:\/\/schema.org","@graph":[{"@type":"WebPage","@id":"https:\/\/alrosolar.com\/fr\/services\/","url":"https:\/\/alrosolar.com\/fr\/services\/","name":"Services - Alrosolar","isPartOf":{"@id":"https:\/\/alrosolar.com\/fr\/#website"},"primaryImageOfPage":{"@id":"https:\/\/alrosolar.com\/fr\/services\/#primaryimage"},"image":{"@id":"https:\/\/alrosolar.com\/fr\/services\/#primaryimage"},"thumbnailUrl":"https:\/\/alrosolar.com\/wp-content\/uploads\/2023\/03\/image-1.svg","datePublished":"2023-03-06T08:46:30+00:00","dateModified":"2025-03-17T12:55:57+00:00","description":"Nous offrons des conseils et des services aux particuliers ou aux entreprises int\u00e9ress\u00e9s par l\u2019adoption de technologies d\u2019\u00e9nergie renouvelable.","breadcrumb":{"@id":"https:\/\/alrosolar.com\/fr\/services\/#breadcrumb"},"inLanguage":"fr-FR","potentialAction":[{"@type":"ReadAction","target":["https:\/\/alrosolar.com\/fr\/services\/"]}]},{"@type":"ImageObject","inLanguage":"fr-FR","@id":"https:\/\/alrosolar.com\/fr\/services\/#primaryimage","url":"https:\/\/alrosolar.com\/wp-content\/uploads\/2023\/03\/image-1.svg","contentUrl":"https:\/\/alrosolar.com\/wp-content\/uploads\/2023\/03\/image-1.svg"},{"@type":"BreadcrumbList","@id":"https:\/\/alrosolar.com\/fr\/services\/#breadcrumb","itemListElement":[{"@type":"ListItem","position":1,"name":"Portada","item":"https:\/\/alrosolar.com\/fr\/"},{"@type":"ListItem","position":2,"name":"Services"}]},{"@type":"WebSite","@id":"https:\/\/alrosolar.com\/fr\/#website","url":"https:\/\/alrosolar.com\/fr\/","name":"Alrosolar","description":"dise\u00f1o, instalaci\u00f3n y mantenimiento de sistemas de energ\u00eda renovable","publisher":{"@id":"https:\/\/alrosolar.com\/fr\/#organization"},"alternateName":"Alrosolar Energ\u00eda Renovable","potentialAction":[{"@type":"SearchAction","target":{"@type":"EntryPoint","urlTemplate":"https:\/\/alrosolar.com\/fr\/?s={search_term_string}"},"query-input":{"@type":"PropertyValueSpecification","valueRequired":true,"valueName":"search_term_string"}}],"inLanguage":"fr-FR"},{"@type":"Organization","@id":"https:\/\/alrosolar.com\/fr\/#organization","name":"AlroSolar S.L.","alternateName":"AlroSolar Energ\u00eda","url":"https:\/\/alrosolar.com\/fr\/","logo":{"@type":"ImageObject","inLanguage":"fr-FR","@id":"https:\/\/alrosolar.com\/fr\/#\/schema\/logo\/image\/","url":"https:\/\/alrosolar.com\/wp-content\/uploads\/2023\/11\/Captura-de-pantalla-2023-11-13-a-las-11.09.56.png","contentUrl":"https:\/\/alrosolar.com\/wp-content\/uploads\/2023\/11\/Captura-de-pantalla-2023-11-13-a-las-11.09.56.png","width":454,"height":122,"caption":"AlroSolar S.L."},"image":{"@id":"https:\/\/alrosolar.com\/fr\/#\/schema\/logo\/image\/"}}]}},"_links":{"self":[{"href":"https:\/\/alrosolar.com\/fr\/wp-json\/wp\/v2\/pages\/866","targetHints":{"allow":["GET"]}}],"collection":[{"href":"https:\/\/alrosolar.com\/fr\/wp-json\/wp\/v2\/pages"}],"about":[{"href":"https:\/\/alrosolar.com\/fr\/wp-json\/wp\/v2\/types\/page"}],"author":[{"embeddable":true,"href":"https:\/\/alrosolar.com\/fr\/wp-json\/wp\/v2\/users\/1"}],"replies":[{"embeddable":true,"href":"https:\/\/alrosolar.com\/fr\/wp-json\/wp\/v2\/comments?post=866"}],"version-history":[{"count":3,"href":"https:\/\/alrosolar.com\/fr\/wp-json\/wp\/v2\/pages\/866\/revisions"}],"predecessor-version":[{"id":983,"href":"https:\/\/alrosolar.com\/fr\/wp-json\/wp\/v2\/pages\/866\/revisions\/983"}],"wp:attachment":[{"href":"https:\/\/alrosolar.com\/fr\/wp-json\/wp\/v2\/media?parent=866"}],"curies":[{"name":"wp","href":"https:\/\/api.w.org\/{rel}","templated":true}]}}