{"id":976,"date":"2023-03-06T09:04:11","date_gmt":"2023-03-06T08:04:11","guid":{"rendered":"https:\/\/alrosolar.com\/privacy-policy\/"},"modified":"2025-03-17T13:48:57","modified_gmt":"2025-03-17T12:48:57","slug":"privacy-policy","status":"publish","type":"page","link":"https:\/\/alrosolar.com\/en\/privacy-policy\/","title":{"rendered":"Privacy Policy"},"content":{"rendered":"\n<div  class=\"content mt-xl mb-md\">\n\n\t\n\t\t\t<div class=\"container\">\n\t\t\t\n\t\t\n\t\t\t\n<div class=\"row gap-col-md gap-row-md\">\n\t\n<div class=\"col col-12 col-md-12 col-xl-6\">\n\t\t\n\n<h1 class=\"wp-block-heading\">Privacy Policy<\/h1>\n\n\t<\/div>\n\n<div class=\"col col-12 col-md-12 col-xl-6\">\n\t\t\t<\/div>\n<\/div>\n\t\t\t\n\t\t\n\t\t\t<\/div>\n\t<\/div>\n\n<div  class=\"content\">\n\n\t\n\t\t\t<div class=\"container\">\n\t\t\t\n\t\t\n\t\t\t\n\n<p class=\"\">Visiting this website does not imply that the user is obliged to provide any information. In the event that the user provides any personal information, the data collected on this website will be processed fairly and lawfully, subject at all times to the principles and rights set out in Regulation (EU) 2016\/679, of 27 April, General Data Protection (GDPR) and other applicable regulations. <\/p>\n\n\n\n<p class=\"\">In compliance with the provisions of Article 13 of the GDPR, we inform you of the following:<\/p>\n\n\n\n<h2 class=\"wp-block-heading\">Responsible<\/h2>\n\n\n\n<p class=\"\">The data controller of personal data is Alro Solar.<\/p>\n\n\n\n<p class=\"\">Professional address: Calle Pertiguero, 28, 30155 Murcia<\/p>\n\n\n\n<p class=\"\">CIF: B05530597<\/p>\n\n\n\n<p class=\"\">Telephone: 968 97 07 82<\/p>\n\n\n\n<p class=\"\">Internet: <a href=\"https:\/\/alrosolar.com\/en\/\">https:\/\/alrosolar.com\/<\/a><br\/>Email: admin@alrosolar.com<\/p>\n\n\n\n<p class=\"\">Contact details of the Data Protection Officer:<br\/>No Delegate<\/p>\n\n\n\n<h2 class=\"wp-block-heading\">Purpose of processing<\/h2>\n\n\n\n<p class=\"\">Extended description of the purpose(s) of the processing:<\/p>\n\n\n\n<ol class=\"wp-block-list\">\n<li>We will process your data for administrative, accounting and tax management.<\/li>\n\n\n\n<li>We will process your data to facilitate the Firm&#8217;s own management.<\/li>\n<\/ol>\n\n\n\n<h2 class=\"wp-block-heading\">Conservation<\/h2>\n\n\n\n<p class=\"\">The personal data provided will be kept for as long as the relationship with the entity is maintained and its deletion is not requested by the interested party, it will be kept in accordance with the legal deadlines established in tax and accounting matters, taking the last communication as a reference.<\/p>\n\n\n\n<h3 class=\"wp-block-heading\">Automated decisions, profiling, and applied logic<\/h3>\n\n\n\n<p class=\"\">The controller will not make automated decisions, profiling, or logic applied to your data.<\/p>\n\n\n\n<h2 class=\"wp-block-heading\">Legitimation<\/h2>\n\n\n\n<h3 class=\"wp-block-heading\">Standing for the performance of a contract<\/h3>\n\n\n\n<p class=\"\">Because the processing is necessary for the performance of a commercial contract, to which you are a party, it is stated that the type of contract in question is the aforementioned commercial contract or the pre-contractual relationship.<\/p>\n\n\n\n<p class=\"\">As the communication of personal data is a legal or contractual requirement and a necessary requirement to sign the aforementioned contract, the interested party is informed that they are obliged to provide the personal data, and also that the consequences of not doing so may mean the non-provision of the requested service.<\/p>\n\n\n\n<h2 class=\"wp-block-heading\">Recipients<\/h2>\n\n\n\n<p class=\"\">Alro Solar does not transfer the data of its members to third parties, except in cases where this is necessary for the organization of certain activities, or the provision of services. In any case, the planned assignments are regularized through the signing of contracts, and the assignee entity may not use the transferred information for purposes other than those established by Alro Solar. <\/p>\n\n\n\n<h2 class=\"wp-block-heading\">Users&#8217; rights<\/h2>\n\n\n\n<p class=\"\">The data subject of the personal data, in any case, may exercise the rights that assist him\/her, in accordance with the GDPR, and which are:<\/p>\n\n\n\n<ul class=\"wp-block-list\">\n<li>The right to request access to personal data relating to the data subject,<\/li>\n\n\n\n<li>The right to request its rectification or deletion,<\/li>\n\n\n\n<li>The right to request the restriction of your processing,<\/li>\n\n\n\n<li>Right to object to processing,<\/li>\n\n\n\n<li>Right to data portability.<\/li>\n<\/ul>\n\n\n\n<p class=\"\">The interested party may exercise these rights by means of a request accompanied by a photocopy of their ID card, and in which they will specify which of these they request to be satisfied, sent to the address: Alro Solar, Calle Pertiguero, 28, 30155 Murcia.<\/p>\n\n\n\n<h2 class=\"wp-block-heading\">Security measures<\/h2>\n\n\n\n<p class=\"\">The data controller (Alro Solar) will apply appropriate technical and organisational measures to guarantee a level of security appropriate to the risk of the same.<\/p>\n\n\n\n<h2 class=\"wp-block-heading\">Source of data<\/h2>\n\n\n\n<p class=\"\">The personal data we process comes directly from you:<br\/>The categories of data that are processed are:<\/p>\n\n\n\n<ul class=\"wp-block-list\">\n<li>Identification data<\/li>\n\n\n\n<li>Identification codes or keys<\/li>\n\n\n\n<li>Postal or email addresses<\/li>\n\n\n\n<li>Commercial information<\/li>\n\n\n\n<li>Economic data<\/li>\n<\/ul>\n\n\n\n<p class=\"\">Specially protected data is not processed.<\/p>\n\n\n\n<h2 class=\"wp-block-heading\">Data quality<\/h2>\n\n\n\n<p class=\"\">Users must guarantee the veracity, accuracy, authenticity and validity of the personal data that have been collected from them.<\/p>\n\n\n\n<h3 class=\"wp-block-heading\">Protection of minors<\/h3>\n\n\n\n<p class=\"\">We do not collect personal data from children. It is the responsibility of the parent\/legal guardian to ensure the privacy of minors by making every effort to ensure that they have consented to the collection and use of the minor&#8217;s personal data. <\/p>\n\n\n\n<h3 class=\"wp-block-heading\">Links<\/h3>\n\n\n\n<p class=\"\">This privacy policy only applies to the website, it is not guaranteed in access through links to this site, nor to links from this site to other websites.<\/p>\n\n\t\t\t\n\t\t\n\t\t\t<\/div>\n\t<\/div>\n","protected":false},"excerpt":{"rendered":"","protected":false},"author":1,"featured_media":0,"parent":0,"menu_order":0,"comment_status":"closed","ping_status":"open","template":"","meta":{"inline_featured_image":false,"footnotes":""},"class_list":["post-976","page","type-page","status-publish","hentry"],"acf":[],"yoast_head":"<!-- This site is optimized with the Yoast SEO plugin v24.5 - https:\/\/yoast.com\/wordpress\/plugins\/seo\/ -->\n<title>Privacy Policy - Alrosolar<\/title>\n<meta name=\"robots\" content=\"index, follow, max-snippet:-1, max-image-preview:large, max-video-preview:-1\" \/>\n<link rel=\"canonical\" href=\"https:\/\/alrosolar.com\/en\/privacy-policy\/\" \/>\n<meta property=\"og:locale\" content=\"en_US\" \/>\n<meta property=\"og:type\" content=\"article\" \/>\n<meta property=\"og:title\" content=\"Privacy Policy - Alrosolar\" \/>\n<meta property=\"og:url\" content=\"https:\/\/alrosolar.com\/en\/privacy-policy\/\" \/>\n<meta property=\"og:site_name\" content=\"Alrosolar\" \/>\n<meta property=\"article:modified_time\" content=\"2025-03-17T12:48:57+00:00\" \/>\n<meta property=\"og:image\" content=\"https:\/\/alrosolar.com\/wp-content\/uploads\/2023\/04\/granjapuentealto.jpg\" \/>\n\t<meta property=\"og:image:width\" content=\"640\" \/>\n\t<meta property=\"og:image:height\" content=\"640\" \/>\n\t<meta property=\"og:image:type\" content=\"image\/jpeg\" \/>\n<meta name=\"twitter:card\" content=\"summary_large_image\" \/>\n<meta name=\"twitter:label1\" content=\"Est. reading time\" \/>\n\t<meta name=\"twitter:data1\" content=\"3 minutes\" \/>\n<script type=\"application\/ld+json\" class=\"yoast-schema-graph\">{\"@context\":\"https:\/\/schema.org\",\"@graph\":[{\"@type\":\"WebPage\",\"@id\":\"https:\/\/alrosolar.com\/en\/privacy-policy\/\",\"url\":\"https:\/\/alrosolar.com\/en\/privacy-policy\/\",\"name\":\"Privacy Policy - Alrosolar\",\"isPartOf\":{\"@id\":\"https:\/\/alrosolar.com\/en\/#website\"},\"datePublished\":\"2023-03-06T08:04:11+00:00\",\"dateModified\":\"2025-03-17T12:48:57+00:00\",\"breadcrumb\":{\"@id\":\"https:\/\/alrosolar.com\/en\/privacy-policy\/#breadcrumb\"},\"inLanguage\":\"en-US\",\"potentialAction\":[{\"@type\":\"ReadAction\",\"target\":[\"https:\/\/alrosolar.com\/en\/privacy-policy\/\"]}]},{\"@type\":\"BreadcrumbList\",\"@id\":\"https:\/\/alrosolar.com\/en\/privacy-policy\/#breadcrumb\",\"itemListElement\":[{\"@type\":\"ListItem\",\"position\":1,\"name\":\"Portada\",\"item\":\"https:\/\/alrosolar.com\/en\/\"},{\"@type\":\"ListItem\",\"position\":2,\"name\":\"Privacy Policy\"}]},{\"@type\":\"WebSite\",\"@id\":\"https:\/\/alrosolar.com\/en\/#website\",\"url\":\"https:\/\/alrosolar.com\/en\/\",\"name\":\"Alrosolar\",\"description\":\"dise\u00f1o, instalaci\u00f3n y mantenimiento de sistemas de energ\u00eda renovable\",\"publisher\":{\"@id\":\"https:\/\/alrosolar.com\/en\/#organization\"},\"alternateName\":\"Alrosolar Energ\u00eda Renovable\",\"potentialAction\":[{\"@type\":\"SearchAction\",\"target\":{\"@type\":\"EntryPoint\",\"urlTemplate\":\"https:\/\/alrosolar.com\/en\/?s={search_term_string}\"},\"query-input\":{\"@type\":\"PropertyValueSpecification\",\"valueRequired\":true,\"valueName\":\"search_term_string\"}}],\"inLanguage\":\"en-US\"},{\"@type\":\"Organization\",\"@id\":\"https:\/\/alrosolar.com\/en\/#organization\",\"name\":\"AlroSolar S.L.\",\"alternateName\":\"AlroSolar Energ\u00eda\",\"url\":\"https:\/\/alrosolar.com\/en\/\",\"logo\":{\"@type\":\"ImageObject\",\"inLanguage\":\"en-US\",\"@id\":\"https:\/\/alrosolar.com\/en\/#\/schema\/logo\/image\/\",\"url\":\"https:\/\/alrosolar.com\/wp-content\/uploads\/2023\/11\/Captura-de-pantalla-2023-11-13-a-las-11.09.56.png\",\"contentUrl\":\"https:\/\/alrosolar.com\/wp-content\/uploads\/2023\/11\/Captura-de-pantalla-2023-11-13-a-las-11.09.56.png\",\"width\":454,\"height\":122,\"caption\":\"AlroSolar S.L.\"},\"image\":{\"@id\":\"https:\/\/alrosolar.com\/en\/#\/schema\/logo\/image\/\"}}]}<\/script>\n<!-- \/ Yoast SEO plugin. -->","yoast_head_json":{"title":"Privacy Policy - Alrosolar","robots":{"index":"index","follow":"follow","max-snippet":"max-snippet:-1","max-image-preview":"max-image-preview:large","max-video-preview":"max-video-preview:-1"},"canonical":"https:\/\/alrosolar.com\/en\/privacy-policy\/","og_locale":"en_US","og_type":"article","og_title":"Privacy Policy - Alrosolar","og_url":"https:\/\/alrosolar.com\/en\/privacy-policy\/","og_site_name":"Alrosolar","article_modified_time":"2025-03-17T12:48:57+00:00","og_image":[{"width":640,"height":640,"url":"https:\/\/alrosolar.com\/wp-content\/uploads\/2023\/04\/granjapuentealto.jpg","type":"image\/jpeg"}],"twitter_card":"summary_large_image","twitter_misc":{"Est. reading time":"3 minutes"},"schema":{"@context":"https:\/\/schema.org","@graph":[{"@type":"WebPage","@id":"https:\/\/alrosolar.com\/en\/privacy-policy\/","url":"https:\/\/alrosolar.com\/en\/privacy-policy\/","name":"Privacy Policy - Alrosolar","isPartOf":{"@id":"https:\/\/alrosolar.com\/en\/#website"},"datePublished":"2023-03-06T08:04:11+00:00","dateModified":"2025-03-17T12:48:57+00:00","breadcrumb":{"@id":"https:\/\/alrosolar.com\/en\/privacy-policy\/#breadcrumb"},"inLanguage":"en-US","potentialAction":[{"@type":"ReadAction","target":["https:\/\/alrosolar.com\/en\/privacy-policy\/"]}]},{"@type":"BreadcrumbList","@id":"https:\/\/alrosolar.com\/en\/privacy-policy\/#breadcrumb","itemListElement":[{"@type":"ListItem","position":1,"name":"Portada","item":"https:\/\/alrosolar.com\/en\/"},{"@type":"ListItem","position":2,"name":"Privacy Policy"}]},{"@type":"WebSite","@id":"https:\/\/alrosolar.com\/en\/#website","url":"https:\/\/alrosolar.com\/en\/","name":"Alrosolar","description":"dise\u00f1o, instalaci\u00f3n y mantenimiento de sistemas de energ\u00eda renovable","publisher":{"@id":"https:\/\/alrosolar.com\/en\/#organization"},"alternateName":"Alrosolar Energ\u00eda Renovable","potentialAction":[{"@type":"SearchAction","target":{"@type":"EntryPoint","urlTemplate":"https:\/\/alrosolar.com\/en\/?s={search_term_string}"},"query-input":{"@type":"PropertyValueSpecification","valueRequired":true,"valueName":"search_term_string"}}],"inLanguage":"en-US"},{"@type":"Organization","@id":"https:\/\/alrosolar.com\/en\/#organization","name":"AlroSolar S.L.","alternateName":"AlroSolar Energ\u00eda","url":"https:\/\/alrosolar.com\/en\/","logo":{"@type":"ImageObject","inLanguage":"en-US","@id":"https:\/\/alrosolar.com\/en\/#\/schema\/logo\/image\/","url":"https:\/\/alrosolar.com\/wp-content\/uploads\/2023\/11\/Captura-de-pantalla-2023-11-13-a-las-11.09.56.png","contentUrl":"https:\/\/alrosolar.com\/wp-content\/uploads\/2023\/11\/Captura-de-pantalla-2023-11-13-a-las-11.09.56.png","width":454,"height":122,"caption":"AlroSolar S.L."},"image":{"@id":"https:\/\/alrosolar.com\/en\/#\/schema\/logo\/image\/"}}]}},"_links":{"self":[{"href":"https:\/\/alrosolar.com\/en\/wp-json\/wp\/v2\/pages\/976","targetHints":{"allow":["GET"]}}],"collection":[{"href":"https:\/\/alrosolar.com\/en\/wp-json\/wp\/v2\/pages"}],"about":[{"href":"https:\/\/alrosolar.com\/en\/wp-json\/wp\/v2\/types\/page"}],"author":[{"embeddable":true,"href":"https:\/\/alrosolar.com\/en\/wp-json\/wp\/v2\/users\/1"}],"replies":[{"embeddable":true,"href":"https:\/\/alrosolar.com\/en\/wp-json\/wp\/v2\/comments?post=976"}],"version-history":[{"count":1,"href":"https:\/\/alrosolar.com\/en\/wp-json\/wp\/v2\/pages\/976\/revisions"}],"predecessor-version":[{"id":977,"href":"https:\/\/alrosolar.com\/en\/wp-json\/wp\/v2\/pages\/976\/revisions\/977"}],"wp:attachment":[{"href":"https:\/\/alrosolar.com\/en\/wp-json\/wp\/v2\/media?parent=976"}],"curies":[{"name":"wp","href":"https:\/\/api.w.org\/{rel}","templated":true}]}}