{"id":973,"date":"2023-04-21T10:58:45","date_gmt":"2023-04-21T09:58:45","guid":{"rendered":"https:\/\/alrosolar.com\/company-policy\/"},"modified":"2025-03-17T14:14:16","modified_gmt":"2025-03-17T13:14:16","slug":"company-policy","status":"publish","type":"page","link":"https:\/\/alrosolar.com\/en\/company-policy\/","title":{"rendered":"Company Policy"},"content":{"rendered":"\n<div  class=\"content mt-xl mb-md\">\n\n\t\n\t\t\t<div class=\"container\">\n\t\t\t\n\t\t\n\t\t\t\n<div class=\"row gap-col-md gap-row-md\">\n\t\n<div class=\"col col-12 col-md-12 col-xl-6\">\n\t\t\n\n<h1 class=\"wp-block-heading\">Quality, Environment and Health and Safety Policy<\/h1>\n\n\t<\/div>\n\n<div class=\"col col-12 col-md-12 col-xl-6\">\n\t\t\t<\/div>\n<\/div>\n\t\t\t\n\t\t\n\t\t\t<\/div>\n\t<\/div>\n\n\n\n<div  class=\"content mb-md\">\n\n\t\n\t\t\t<div class=\"container\">\n\t\t\t\n\t\t\n\t\t\t\n\n<p class=\" mb-xs\">  The Management of Alro Solar, S.L. for the design and assembly of photovoltaic systems, aware of the commitment it makes to its customers, has the necessary resources to establish a Quality, Environment and Health and Safety Management System in its organization according to the following principles  <\/p>\n\n\n\n<p class=\" mb-xs\">  Ensure that the services comply with the applicable specifications, standards and codes, as well as the applicable legislation and regulations regarding Quality, Environment and Occupational Safety.  <\/p>\n\n\n\n<p class=\"\">&#8211; Establish actions and programs aimed at continuous improvement, the prevention of pollution and the prevention of damage and deterioration of health, both in the quality of services, as well as in the respect, protection of the environment and safety of people.  <\/p>\n\n\n\n<p class=\" mb-xs\">&#8211; Incorporate into our services management based on the minimisation or elimination of environmental impacts and make this objective compatible with the use and rational consumption of raw materials, energy and natural resources.  <\/p>\n\n\n\n<p class=\" mb-xs\">&#8211; To increase the satisfaction of our customers, assuming the concepts of Quality and respect for the Environment and commitment to Safety at work.  <\/p>\n\n\n\n<p class=\" mb-xs\">&#8211; Maintain permanent communication with interested parties, in order to be able to collaborate together in the improvement of our services, both in technical aspects and in quality, prevention of occupational and environmental risks.  <\/p>\n\n\n\n<p class=\" mb-xs\">&#8211; To stimulate and motivate staff, through the necessary training and awareness, in order to enhance their integration in the management and development of the Quality, Environment and Occupational Health and Safety System.  <\/p>\n\n\n\n<p class=\" mb-xs\">&#8211; Mechanisms will be established to encourage the participation of workers in order to improve the safety and health of jobs.  <\/p>\n\n\n\n<p class=\" mb-xs\">  Service, speed of delivery, compliance with agreed deadlines and, of course, product quality and commitment to the environment and health and safety are the pillars on which the philosophy of Alro Solar, S.L. is based.  <\/p>\n\n\n\n<p class=\" mb-xs\">The Management establishes, within the general policy, the plans and resources necessary to comply with the principles established in the Quality, Environment and Safety at Work Policy.  <\/p>\n\n\n\n<p class=\"\">Alro Solar, S.L. is fully committed to the mandatory compliance with the provisions of the Quality, Environment and Occupational Health and Safety System.  <\/p>\n\n\t\t\t\n\t\t\n\t\t\t<\/div>\n\t<\/div>\n\n\n\n<div  class=\"content mb-xl\">\n\n\t\n\t\t\t<div class=\"container\">\n\t\t\t\n\t\t\n\t\t\t\n<div class=\"row gap-col-md gap-row-md\">\n\t\n<div class=\"col col-12 col-md-12 col-xl-4\">\n\t\t\t<\/div>\n\n<div class=\"col col-12 col-md-12 col-xl-4\">\n\t\t\n<a role=\"button\" href=\"https:\/\/alrosolar.com\/wp-content\/uploads\/2023\/04\/Politica-HSE.pdf\" class=\"btn\"   target=\"_blank\"  title=\"Download document\">Download document\t<span class=\"arrow\"><\/span>\n<\/a>\n\t<\/div>\n\n<div class=\"col col-12 col-md-12 col-xl-4\">\n\t\t\t<\/div>\n<\/div>\n\t\t\t\n\t\t\n\t\t\t<\/div>\n\t<\/div>\n","protected":false},"excerpt":{"rendered":"","protected":false},"author":1,"featured_media":0,"parent":0,"menu_order":0,"comment_status":"closed","ping_status":"closed","template":"","meta":{"inline_featured_image":false,"footnotes":""},"class_list":["post-973","page","type-page","status-publish","hentry"],"acf":[],"yoast_head":"<!-- This site is optimized with the Yoast SEO plugin v24.5 - https:\/\/yoast.com\/wordpress\/plugins\/seo\/ -->\n<title>Company Policy - Alrosolar<\/title>\n<meta name=\"robots\" content=\"index, follow, max-snippet:-1, max-image-preview:large, max-video-preview:-1\" \/>\n<link rel=\"canonical\" href=\"https:\/\/alrosolar.com\/en\/company-policy\/\" \/>\n<meta property=\"og:locale\" content=\"en_US\" \/>\n<meta property=\"og:type\" content=\"article\" \/>\n<meta property=\"og:title\" content=\"Company Policy - Alrosolar\" \/>\n<meta property=\"og:url\" content=\"https:\/\/alrosolar.com\/en\/company-policy\/\" \/>\n<meta property=\"og:site_name\" content=\"Alrosolar\" \/>\n<meta property=\"article:modified_time\" content=\"2025-03-17T13:14:16+00:00\" \/>\n<meta property=\"og:image\" content=\"https:\/\/alrosolar.com\/wp-content\/uploads\/2023\/04\/granjapuentealto.jpg\" \/>\n\t<meta property=\"og:image:width\" content=\"640\" \/>\n\t<meta property=\"og:image:height\" content=\"640\" \/>\n\t<meta property=\"og:image:type\" content=\"image\/jpeg\" \/>\n<meta name=\"twitter:card\" content=\"summary_large_image\" \/>\n<meta name=\"twitter:label1\" content=\"Est. reading time\" \/>\n\t<meta name=\"twitter:data1\" content=\"2 minutes\" \/>\n<script type=\"application\/ld+json\" class=\"yoast-schema-graph\">{\"@context\":\"https:\/\/schema.org\",\"@graph\":[{\"@type\":\"WebPage\",\"@id\":\"https:\/\/alrosolar.com\/en\/company-policy\/\",\"url\":\"https:\/\/alrosolar.com\/en\/company-policy\/\",\"name\":\"Company Policy - Alrosolar\",\"isPartOf\":{\"@id\":\"https:\/\/alrosolar.com\/en\/#website\"},\"datePublished\":\"2023-04-21T09:58:45+00:00\",\"dateModified\":\"2025-03-17T13:14:16+00:00\",\"breadcrumb\":{\"@id\":\"https:\/\/alrosolar.com\/en\/company-policy\/#breadcrumb\"},\"inLanguage\":\"en-US\",\"potentialAction\":[{\"@type\":\"ReadAction\",\"target\":[\"https:\/\/alrosolar.com\/en\/company-policy\/\"]}]},{\"@type\":\"BreadcrumbList\",\"@id\":\"https:\/\/alrosolar.com\/en\/company-policy\/#breadcrumb\",\"itemListElement\":[{\"@type\":\"ListItem\",\"position\":1,\"name\":\"Portada\",\"item\":\"https:\/\/alrosolar.com\/en\/\"},{\"@type\":\"ListItem\",\"position\":2,\"name\":\"Company Policy\"}]},{\"@type\":\"WebSite\",\"@id\":\"https:\/\/alrosolar.com\/en\/#website\",\"url\":\"https:\/\/alrosolar.com\/en\/\",\"name\":\"Alrosolar\",\"description\":\"dise\u00f1o, instalaci\u00f3n y mantenimiento de sistemas de energ\u00eda renovable\",\"publisher\":{\"@id\":\"https:\/\/alrosolar.com\/en\/#organization\"},\"alternateName\":\"Alrosolar Energ\u00eda Renovable\",\"potentialAction\":[{\"@type\":\"SearchAction\",\"target\":{\"@type\":\"EntryPoint\",\"urlTemplate\":\"https:\/\/alrosolar.com\/en\/?s={search_term_string}\"},\"query-input\":{\"@type\":\"PropertyValueSpecification\",\"valueRequired\":true,\"valueName\":\"search_term_string\"}}],\"inLanguage\":\"en-US\"},{\"@type\":\"Organization\",\"@id\":\"https:\/\/alrosolar.com\/en\/#organization\",\"name\":\"AlroSolar S.L.\",\"alternateName\":\"AlroSolar Energ\u00eda\",\"url\":\"https:\/\/alrosolar.com\/en\/\",\"logo\":{\"@type\":\"ImageObject\",\"inLanguage\":\"en-US\",\"@id\":\"https:\/\/alrosolar.com\/en\/#\/schema\/logo\/image\/\",\"url\":\"https:\/\/alrosolar.com\/wp-content\/uploads\/2023\/11\/Captura-de-pantalla-2023-11-13-a-las-11.09.56.png\",\"contentUrl\":\"https:\/\/alrosolar.com\/wp-content\/uploads\/2023\/11\/Captura-de-pantalla-2023-11-13-a-las-11.09.56.png\",\"width\":454,\"height\":122,\"caption\":\"AlroSolar S.L.\"},\"image\":{\"@id\":\"https:\/\/alrosolar.com\/en\/#\/schema\/logo\/image\/\"}}]}<\/script>\n<!-- \/ Yoast SEO plugin. -->","yoast_head_json":{"title":"Company Policy - Alrosolar","robots":{"index":"index","follow":"follow","max-snippet":"max-snippet:-1","max-image-preview":"max-image-preview:large","max-video-preview":"max-video-preview:-1"},"canonical":"https:\/\/alrosolar.com\/en\/company-policy\/","og_locale":"en_US","og_type":"article","og_title":"Company Policy - Alrosolar","og_url":"https:\/\/alrosolar.com\/en\/company-policy\/","og_site_name":"Alrosolar","article_modified_time":"2025-03-17T13:14:16+00:00","og_image":[{"width":640,"height":640,"url":"https:\/\/alrosolar.com\/wp-content\/uploads\/2023\/04\/granjapuentealto.jpg","type":"image\/jpeg"}],"twitter_card":"summary_large_image","twitter_misc":{"Est. reading time":"2 minutes"},"schema":{"@context":"https:\/\/schema.org","@graph":[{"@type":"WebPage","@id":"https:\/\/alrosolar.com\/en\/company-policy\/","url":"https:\/\/alrosolar.com\/en\/company-policy\/","name":"Company Policy - Alrosolar","isPartOf":{"@id":"https:\/\/alrosolar.com\/en\/#website"},"datePublished":"2023-04-21T09:58:45+00:00","dateModified":"2025-03-17T13:14:16+00:00","breadcrumb":{"@id":"https:\/\/alrosolar.com\/en\/company-policy\/#breadcrumb"},"inLanguage":"en-US","potentialAction":[{"@type":"ReadAction","target":["https:\/\/alrosolar.com\/en\/company-policy\/"]}]},{"@type":"BreadcrumbList","@id":"https:\/\/alrosolar.com\/en\/company-policy\/#breadcrumb","itemListElement":[{"@type":"ListItem","position":1,"name":"Portada","item":"https:\/\/alrosolar.com\/en\/"},{"@type":"ListItem","position":2,"name":"Company Policy"}]},{"@type":"WebSite","@id":"https:\/\/alrosolar.com\/en\/#website","url":"https:\/\/alrosolar.com\/en\/","name":"Alrosolar","description":"dise\u00f1o, instalaci\u00f3n y mantenimiento de sistemas de energ\u00eda renovable","publisher":{"@id":"https:\/\/alrosolar.com\/en\/#organization"},"alternateName":"Alrosolar Energ\u00eda Renovable","potentialAction":[{"@type":"SearchAction","target":{"@type":"EntryPoint","urlTemplate":"https:\/\/alrosolar.com\/en\/?s={search_term_string}"},"query-input":{"@type":"PropertyValueSpecification","valueRequired":true,"valueName":"search_term_string"}}],"inLanguage":"en-US"},{"@type":"Organization","@id":"https:\/\/alrosolar.com\/en\/#organization","name":"AlroSolar S.L.","alternateName":"AlroSolar Energ\u00eda","url":"https:\/\/alrosolar.com\/en\/","logo":{"@type":"ImageObject","inLanguage":"en-US","@id":"https:\/\/alrosolar.com\/en\/#\/schema\/logo\/image\/","url":"https:\/\/alrosolar.com\/wp-content\/uploads\/2023\/11\/Captura-de-pantalla-2023-11-13-a-las-11.09.56.png","contentUrl":"https:\/\/alrosolar.com\/wp-content\/uploads\/2023\/11\/Captura-de-pantalla-2023-11-13-a-las-11.09.56.png","width":454,"height":122,"caption":"AlroSolar S.L."},"image":{"@id":"https:\/\/alrosolar.com\/en\/#\/schema\/logo\/image\/"}}]}},"_links":{"self":[{"href":"https:\/\/alrosolar.com\/en\/wp-json\/wp\/v2\/pages\/973","targetHints":{"allow":["GET"]}}],"collection":[{"href":"https:\/\/alrosolar.com\/en\/wp-json\/wp\/v2\/pages"}],"about":[{"href":"https:\/\/alrosolar.com\/en\/wp-json\/wp\/v2\/types\/page"}],"author":[{"embeddable":true,"href":"https:\/\/alrosolar.com\/en\/wp-json\/wp\/v2\/users\/1"}],"replies":[{"embeddable":true,"href":"https:\/\/alrosolar.com\/en\/wp-json\/wp\/v2\/comments?post=973"}],"version-history":[{"count":2,"href":"https:\/\/alrosolar.com\/en\/wp-json\/wp\/v2\/pages\/973\/revisions"}],"predecessor-version":[{"id":986,"href":"https:\/\/alrosolar.com\/en\/wp-json\/wp\/v2\/pages\/973\/revisions\/986"}],"wp:attachment":[{"href":"https:\/\/alrosolar.com\/en\/wp-json\/wp\/v2\/media?parent=973"}],"curies":[{"name":"wp","href":"https:\/\/api.w.org\/{rel}","templated":true}]}}