{"id":971,"date":"2023-03-06T11:05:02","date_gmt":"2023-03-06T10:05:02","guid":{"rendered":"https:\/\/alrosolar.com\/cookies-policy\/"},"modified":"2025-03-17T13:48:07","modified_gmt":"2025-03-17T12:48:07","slug":"cookies-policy","status":"publish","type":"page","link":"https:\/\/alrosolar.com\/en\/cookies-policy\/","title":{"rendered":"Cookies Policy"},"content":{"rendered":"\n<div  class=\"content mt-xl mb-md\">\n\n\t\n\t\t\t<div class=\"container\">\n\t\t\t\n\t\t\n\t\t\t\n<div class=\"row gap-col-md gap-row-md\">\n\t\n<div class=\"col col-12 col-md-12 col-xl-6\">\n\t\t\n\n<h1 class=\"wp-block-heading\">Cookies Policy<\/h1>\n\n\t<\/div>\n\n<div class=\"col col-12 col-md-12 col-xl-6\">\n\t\t\t<\/div>\n<\/div>\n\t\t\t\n\t\t\n\t\t\t<\/div>\n\t<\/div>\n\n<div  class=\"content\">\n\n\t\n\t\t\t<div class=\"container\">\n\t\t\t\n\t\t\n\t\t\t\n\n<h2 class=\"wp-block-heading\">Cookies used on this website<\/h2>\n\n\n\n<p class=\"\">We inform you that our server does not use cookies or other invisible procedures for collecting information, and does not store any type of file on your computer equipment.<\/p>\n\n\n\n<p class=\"\">Following the guidelines of the Spanish Data Protection Agency, we proceed to detail the use of <em>cookies<\/em> by this website in order to inform you as accurately as possible.<\/p>\n\n\n\n<p class=\"\">This website uses the following <strong>first-party cookies:<\/strong><\/p>\n\n\n\n<ul class=\"wp-block-list\">\n<li>Session cookies, to ensure that users who write comments on the blog are humans and not automated applications. This is how <em>spam<\/em> is combated.<\/li>\n<\/ul>\n\n\n\n<p class=\"\">This website uses the following <strong>third-party cookies:<\/strong><\/p>\n\n\n\n<ul class=\"wp-block-list\">\n<li>Google Analytics: Stores <em>cookies<\/em> to be able to compile statistics on the traffic and volume of visits to this website. By using this website you consent to the processing of information about you by Google. Therefore, the exercise of any right in this regard must be done by notifying<\/li>\n<\/ul>\n\n\n\n<h3 class=\"wp-block-heading\">Disabling or deleting cookies<\/h3>\n\n\n\n<p class=\"\">You can exercise your right to disable or delete cookies from this website at any time. These actions are performed differently depending on the browser you are using.<\/p>\n\n\n\n<h4 class=\"wp-block-heading\">CHANGE OF REGULATIONS<\/h4>\n\n\n\n<p class=\"\">Alro Solar reserves the right to modify this policy in order to adapt it to new legislation or jurisprudence, as well as those that may derive from existing standard codes on the subject or for corporate reasons.<\/p>\n\n\n\n<p class=\"\">Such changes will be communicated as far in advance as necessary on our website, without prejudice to requesting the necessary consent from those affected when this is not considered to have been granted in accordance with the terms of this policy.<\/p>\n\n\t\t\t\n\t\t\n\t\t\t<\/div>\n\t<\/div>\n","protected":false},"excerpt":{"rendered":"","protected":false},"author":1,"featured_media":0,"parent":0,"menu_order":0,"comment_status":"closed","ping_status":"closed","template":"","meta":{"inline_featured_image":false,"footnotes":""},"class_list":["post-971","page","type-page","status-publish","hentry"],"acf":[],"yoast_head":"<!-- This site is optimized with the Yoast SEO plugin v24.5 - https:\/\/yoast.com\/wordpress\/plugins\/seo\/ -->\n<title>Cookies Policy - Alrosolar<\/title>\n<meta name=\"robots\" content=\"index, follow, max-snippet:-1, max-image-preview:large, max-video-preview:-1\" \/>\n<link rel=\"canonical\" href=\"https:\/\/alrosolar.com\/en\/cookies-policy\/\" \/>\n<meta property=\"og:locale\" content=\"en_US\" \/>\n<meta property=\"og:type\" content=\"article\" \/>\n<meta property=\"og:title\" content=\"Cookies Policy - Alrosolar\" \/>\n<meta property=\"og:url\" content=\"https:\/\/alrosolar.com\/en\/cookies-policy\/\" \/>\n<meta property=\"og:site_name\" content=\"Alrosolar\" \/>\n<meta property=\"article:modified_time\" content=\"2025-03-17T12:48:07+00:00\" \/>\n<meta property=\"og:image\" content=\"https:\/\/alrosolar.com\/wp-content\/uploads\/2023\/04\/granjapuentealto.jpg\" \/>\n\t<meta property=\"og:image:width\" content=\"640\" \/>\n\t<meta property=\"og:image:height\" content=\"640\" \/>\n\t<meta property=\"og:image:type\" content=\"image\/jpeg\" \/>\n<meta name=\"twitter:card\" content=\"summary_large_image\" \/>\n<meta name=\"twitter:label1\" content=\"Est. reading time\" \/>\n\t<meta name=\"twitter:data1\" content=\"1 minute\" \/>\n<script type=\"application\/ld+json\" class=\"yoast-schema-graph\">{\"@context\":\"https:\/\/schema.org\",\"@graph\":[{\"@type\":\"WebPage\",\"@id\":\"https:\/\/alrosolar.com\/en\/cookies-policy\/\",\"url\":\"https:\/\/alrosolar.com\/en\/cookies-policy\/\",\"name\":\"Cookies Policy - Alrosolar\",\"isPartOf\":{\"@id\":\"https:\/\/alrosolar.com\/en\/#website\"},\"datePublished\":\"2023-03-06T10:05:02+00:00\",\"dateModified\":\"2025-03-17T12:48:07+00:00\",\"breadcrumb\":{\"@id\":\"https:\/\/alrosolar.com\/en\/cookies-policy\/#breadcrumb\"},\"inLanguage\":\"en-US\",\"potentialAction\":[{\"@type\":\"ReadAction\",\"target\":[\"https:\/\/alrosolar.com\/en\/cookies-policy\/\"]}]},{\"@type\":\"BreadcrumbList\",\"@id\":\"https:\/\/alrosolar.com\/en\/cookies-policy\/#breadcrumb\",\"itemListElement\":[{\"@type\":\"ListItem\",\"position\":1,\"name\":\"Portada\",\"item\":\"https:\/\/alrosolar.com\/en\/\"},{\"@type\":\"ListItem\",\"position\":2,\"name\":\"Cookies Policy\"}]},{\"@type\":\"WebSite\",\"@id\":\"https:\/\/alrosolar.com\/en\/#website\",\"url\":\"https:\/\/alrosolar.com\/en\/\",\"name\":\"Alrosolar\",\"description\":\"dise\u00f1o, instalaci\u00f3n y mantenimiento de sistemas de energ\u00eda renovable\",\"publisher\":{\"@id\":\"https:\/\/alrosolar.com\/en\/#organization\"},\"alternateName\":\"Alrosolar Energ\u00eda Renovable\",\"potentialAction\":[{\"@type\":\"SearchAction\",\"target\":{\"@type\":\"EntryPoint\",\"urlTemplate\":\"https:\/\/alrosolar.com\/en\/?s={search_term_string}\"},\"query-input\":{\"@type\":\"PropertyValueSpecification\",\"valueRequired\":true,\"valueName\":\"search_term_string\"}}],\"inLanguage\":\"en-US\"},{\"@type\":\"Organization\",\"@id\":\"https:\/\/alrosolar.com\/en\/#organization\",\"name\":\"AlroSolar S.L.\",\"alternateName\":\"AlroSolar Energ\u00eda\",\"url\":\"https:\/\/alrosolar.com\/en\/\",\"logo\":{\"@type\":\"ImageObject\",\"inLanguage\":\"en-US\",\"@id\":\"https:\/\/alrosolar.com\/en\/#\/schema\/logo\/image\/\",\"url\":\"https:\/\/alrosolar.com\/wp-content\/uploads\/2023\/11\/Captura-de-pantalla-2023-11-13-a-las-11.09.56.png\",\"contentUrl\":\"https:\/\/alrosolar.com\/wp-content\/uploads\/2023\/11\/Captura-de-pantalla-2023-11-13-a-las-11.09.56.png\",\"width\":454,\"height\":122,\"caption\":\"AlroSolar S.L.\"},\"image\":{\"@id\":\"https:\/\/alrosolar.com\/en\/#\/schema\/logo\/image\/\"}}]}<\/script>\n<!-- \/ Yoast SEO plugin. -->","yoast_head_json":{"title":"Cookies Policy - Alrosolar","robots":{"index":"index","follow":"follow","max-snippet":"max-snippet:-1","max-image-preview":"max-image-preview:large","max-video-preview":"max-video-preview:-1"},"canonical":"https:\/\/alrosolar.com\/en\/cookies-policy\/","og_locale":"en_US","og_type":"article","og_title":"Cookies Policy - Alrosolar","og_url":"https:\/\/alrosolar.com\/en\/cookies-policy\/","og_site_name":"Alrosolar","article_modified_time":"2025-03-17T12:48:07+00:00","og_image":[{"width":640,"height":640,"url":"https:\/\/alrosolar.com\/wp-content\/uploads\/2023\/04\/granjapuentealto.jpg","type":"image\/jpeg"}],"twitter_card":"summary_large_image","twitter_misc":{"Est. reading time":"1 minute"},"schema":{"@context":"https:\/\/schema.org","@graph":[{"@type":"WebPage","@id":"https:\/\/alrosolar.com\/en\/cookies-policy\/","url":"https:\/\/alrosolar.com\/en\/cookies-policy\/","name":"Cookies Policy - Alrosolar","isPartOf":{"@id":"https:\/\/alrosolar.com\/en\/#website"},"datePublished":"2023-03-06T10:05:02+00:00","dateModified":"2025-03-17T12:48:07+00:00","breadcrumb":{"@id":"https:\/\/alrosolar.com\/en\/cookies-policy\/#breadcrumb"},"inLanguage":"en-US","potentialAction":[{"@type":"ReadAction","target":["https:\/\/alrosolar.com\/en\/cookies-policy\/"]}]},{"@type":"BreadcrumbList","@id":"https:\/\/alrosolar.com\/en\/cookies-policy\/#breadcrumb","itemListElement":[{"@type":"ListItem","position":1,"name":"Portada","item":"https:\/\/alrosolar.com\/en\/"},{"@type":"ListItem","position":2,"name":"Cookies Policy"}]},{"@type":"WebSite","@id":"https:\/\/alrosolar.com\/en\/#website","url":"https:\/\/alrosolar.com\/en\/","name":"Alrosolar","description":"dise\u00f1o, instalaci\u00f3n y mantenimiento de sistemas de energ\u00eda renovable","publisher":{"@id":"https:\/\/alrosolar.com\/en\/#organization"},"alternateName":"Alrosolar Energ\u00eda Renovable","potentialAction":[{"@type":"SearchAction","target":{"@type":"EntryPoint","urlTemplate":"https:\/\/alrosolar.com\/en\/?s={search_term_string}"},"query-input":{"@type":"PropertyValueSpecification","valueRequired":true,"valueName":"search_term_string"}}],"inLanguage":"en-US"},{"@type":"Organization","@id":"https:\/\/alrosolar.com\/en\/#organization","name":"AlroSolar S.L.","alternateName":"AlroSolar Energ\u00eda","url":"https:\/\/alrosolar.com\/en\/","logo":{"@type":"ImageObject","inLanguage":"en-US","@id":"https:\/\/alrosolar.com\/en\/#\/schema\/logo\/image\/","url":"https:\/\/alrosolar.com\/wp-content\/uploads\/2023\/11\/Captura-de-pantalla-2023-11-13-a-las-11.09.56.png","contentUrl":"https:\/\/alrosolar.com\/wp-content\/uploads\/2023\/11\/Captura-de-pantalla-2023-11-13-a-las-11.09.56.png","width":454,"height":122,"caption":"AlroSolar S.L."},"image":{"@id":"https:\/\/alrosolar.com\/en\/#\/schema\/logo\/image\/"}}]}},"_links":{"self":[{"href":"https:\/\/alrosolar.com\/en\/wp-json\/wp\/v2\/pages\/971","targetHints":{"allow":["GET"]}}],"collection":[{"href":"https:\/\/alrosolar.com\/en\/wp-json\/wp\/v2\/pages"}],"about":[{"href":"https:\/\/alrosolar.com\/en\/wp-json\/wp\/v2\/types\/page"}],"author":[{"embeddable":true,"href":"https:\/\/alrosolar.com\/en\/wp-json\/wp\/v2\/users\/1"}],"replies":[{"embeddable":true,"href":"https:\/\/alrosolar.com\/en\/wp-json\/wp\/v2\/comments?post=971"}],"version-history":[{"count":1,"href":"https:\/\/alrosolar.com\/en\/wp-json\/wp\/v2\/pages\/971\/revisions"}],"predecessor-version":[{"id":972,"href":"https:\/\/alrosolar.com\/en\/wp-json\/wp\/v2\/pages\/971\/revisions\/972"}],"wp:attachment":[{"href":"https:\/\/alrosolar.com\/en\/wp-json\/wp\/v2\/media?parent=971"}],"curies":[{"name":"wp","href":"https:\/\/api.w.org\/{rel}","templated":true}]}}